{"id":8,"date":"2023-05-15T18:37:08","date_gmt":"2023-05-15T18:37:08","guid":{"rendered":"https:\/\/iloakeskus.church\/?page_id=8"},"modified":"2026-01-02T01:13:22","modified_gmt":"2026-01-01T23:13:22","slug":"home","status":"publish","type":"page","link":"https:\/\/iloakeskus.church\/fi\/","title":{"rendered":"Koti"},"content":{"rendered":"<div data-elementor-type=\"wp-page\" data-elementor-id=\"8\" class=\"elementor elementor-8\" data-elementor-post-type=\"page\">\n\t\t\t\t<div class=\"elementor-element elementor-element-4e02e56 e-con-full e-flex e-con e-parent\" data-id=\"4e02e56\" data-element_type=\"container\" data-e-type=\"container\" data-settings=\"{&quot;background_background&quot;:&quot;classic&quot;}\">\n\t\t<div class=\"elementor-element elementor-element-cb29645 e-flex e-con-boxed e-con e-child\" data-id=\"cb29645\" data-element_type=\"container\" data-e-type=\"container\">\n\t\t\t\t\t<div class=\"e-con-inner\">\n\t\t\t\t<div class=\"elementor-element elementor-element-7882ad8 elementor-widget elementor-widget-heading\" data-id=\"7882ad8\" data-element_type=\"widget\" data-e-type=\"widget\" data-widget_type=\"heading.default\">\n\t\t\t\t\t<h2 class=\"elementor-heading-title elementor-size-default\">Tervetuloa ILOAKESKUKSEEN<\/h2>\t\t\t\t<\/div>\n\t\t\t\t\t<\/div>\n\t\t\t\t<\/div>\n\t\t\t\t<\/div>\n\t\t<div class=\"elementor-element elementor-element-4fe2104 e-con-full e-flex e-con e-parent\" data-id=\"4fe2104\" data-element_type=\"container\" data-e-type=\"container\" data-settings=\"{&quot;background_background&quot;:&quot;classic&quot;}\">\n\t\t\t\t<div class=\"elementor-element elementor-element-616a54e elementor-widget__width-initial elementor-widget elementor-widget-heading\" data-id=\"616a54e\" data-element_type=\"widget\" data-e-type=\"widget\" data-widget_type=\"heading.default\">\n\t\t\t\t\t<h2 class=\"elementor-heading-title elementor-size-default\">Kristuksen rakkauden levitt\u00e4minen yli Suomen<\/h2>\t\t\t\t<\/div>\n\t\t\t\t<\/div>\n\t\t<div class=\"elementor-element elementor-element-a07ffb8 e-flex e-con-boxed e-con e-parent\" data-id=\"a07ffb8\" data-element_type=\"container\" data-e-type=\"container\" data-settings=\"{&quot;background_background&quot;:&quot;classic&quot;}\">\n\t\t\t\t\t<div class=\"e-con-inner\">\n\t\t\t\t<div class=\"elementor-element elementor-element-3bb28f6 elementor-widget__width-initial elementor-widget elementor-widget-heading\" data-id=\"3bb28f6\" data-element_type=\"widget\" data-e-type=\"widget\" data-widget_type=\"heading.default\">\n\t\t\t\t\t<h2 class=\"elementor-heading-title elementor-size-default\">L\u00f6yd\u00e4 rauhaa ja lohtua Jeesuksesta<\/h2>\t\t\t\t<\/div>\n\t\t\t\t<div class=\"elementor-element elementor-element-5a96224 elementor-widget__width-initial elementor-widget elementor-widget-heading\" data-id=\"5a96224\" data-element_type=\"widget\" data-e-type=\"widget\" data-widget_type=\"heading.default\">\n\t\t\t\t\t<h2 class=\"elementor-heading-title elementor-size-default\">Jeesus sanoo: \"Oletko v\u00e4synyt? Kulunut? Palanut uskonnosta? Tule luokseni. Mene pois kanssani, niin saat el\u00e4m\u00e4si takaisin. N\u00e4yt\u00e4n sinulle kuinka lev\u00e4t\u00e4 todella.&nbsp;<\/h2>\t\t\t\t<\/div>\n\t\t<div class=\"elementor-element elementor-element-ce6f9f8 e-con-full e-flex e-con e-child\" data-id=\"ce6f9f8\" data-element_type=\"container\" data-e-type=\"container\">\n\t\t\t\t<div class=\"elementor-element elementor-element-135dd17 elementor-widget__width-initial elementor-widget elementor-widget-button\" data-id=\"135dd17\" data-element_type=\"widget\" data-e-type=\"widget\" data-widget_type=\"button.default\">\n\t\t\t\t\t\t\t\t\t\t<a class=\"elementor-button elementor-button-link elementor-size-sm\" href=\"https:\/\/iloakeskus.church\/fi\/find-comfort\/\">\n\t\t\t\t\t\t<span class=\"elementor-button-content-wrapper\">\n\t\t\t\t\t\t\t\t\t<span class=\"elementor-button-text\">L\u00f6yt\u00e4\u00e4 lohtua<\/span>\n\t\t\t\t\t<\/span>\n\t\t\t\t\t<\/a>\n\t\t\t\t\t\t\t\t<\/div>\n\t\t\t\t<\/div>\n\t\t\t\t\t<\/div>\n\t\t\t\t<\/div>\n\t\t<div class=\"elementor-element elementor-element-84ce399 e-con-full e-flex e-con e-parent\" data-id=\"84ce399\" data-element_type=\"container\" data-e-type=\"container\" data-settings=\"{&quot;background_background&quot;:&quot;classic&quot;}\">\n\t\t\t\t<div class=\"elementor-element elementor-element-461071e0 elementor-widget__width-initial elementor-widget elementor-widget-heading\" data-id=\"461071e0\" data-element_type=\"widget\" data-e-type=\"widget\" data-widget_type=\"heading.default\">\n\t\t\t\t\t<h2 class=\"elementor-heading-title elementor-size-default\">Harjoittele Jeesuksen tiet\u00e4<\/h2>\t\t\t\t<\/div>\n\t\t\t\t<div class=\"elementor-element elementor-element-0257df8 elementor-widget__width-initial elementor-widget elementor-widget-heading\" data-id=\"0257df8\" data-element_type=\"widget\" data-e-type=\"widget\" data-widget_type=\"heading.default\">\n\t\t\t\t\t<h2 class=\"elementor-heading-title elementor-size-default\">Jeesus sanoo: \u201dVavelle kanssani ja ty\u00f6skentele kanssani \u2013 katso, kuinka min\u00e4 sen teen. Opi armon pakottamattomat rytmit.\" Haluamme olla Jeesuksen kanssa, tulla Jeesuksen kaltaisiksi ja tehd\u00e4 mit\u00e4 Jeesus teki. Unelmamme on, ett\u00e4 el\u00e4ess\u00e4mme t\u00e4ll\u00e4 tavalla el\u00e4m\u00e4mme, yhteis\u00f6mme ja kaupunkimme muuttuvat.<\/h2>\t\t\t\t<\/div>\n\t\t<div class=\"elementor-element elementor-element-9b1cbc2 e-con-full e-flex e-con e-child\" data-id=\"9b1cbc2\" data-element_type=\"container\" data-e-type=\"container\">\n\t\t\t\t<div class=\"elementor-element elementor-element-e27297a elementor-widget elementor-widget-button\" data-id=\"e27297a\" data-element_type=\"widget\" data-e-type=\"widget\" data-widget_type=\"button.default\">\n\t\t\t\t\t\t\t\t\t\t<a class=\"elementor-button elementor-button-link elementor-size-sm elementor-animation-grow\" href=\"https:\/\/iloakeskus.church\/fi\/follow\/\">\n\t\t\t\t\t\t<span class=\"elementor-button-content-wrapper\">\n\t\t\t\t\t\t\t\t\t<span class=\"elementor-button-text\">Seuraa Jeesusta<\/span>\n\t\t\t\t\t<\/span>\n\t\t\t\t\t<\/a>\n\t\t\t\t\t\t\t\t<\/div>\n\t\t\t\t<\/div>\n\t\t\t\t<\/div>\n\t\t<div class=\"elementor-element elementor-element-773e83fb e-flex e-con-boxed e-con e-parent\" data-id=\"773e83fb\" data-element_type=\"container\" data-e-type=\"container\" data-settings=\"{&quot;background_background&quot;:&quot;classic&quot;}\">\n\t\t\t\t\t<div class=\"e-con-inner\">\n\t\t\t\t<div class=\"elementor-element elementor-element-27606ef elementor-widget__width-initial elementor-widget elementor-widget-heading\" data-id=\"27606ef\" data-element_type=\"widget\" data-e-type=\"widget\" data-widget_type=\"heading.default\">\n\t\t\t\t\t<h2 class=\"elementor-heading-title elementor-size-default\">Liity Kristuksen kanssa palvelemaan muita<\/h2>\t\t\t\t<\/div>\n\t\t\t\t<div class=\"elementor-element elementor-element-fefc2b2 elementor-widget__width-initial elementor-widget elementor-widget-heading\" data-id=\"fefc2b2\" data-element_type=\"widget\" data-e-type=\"widget\" data-widget_type=\"heading.default\">\n\t\t\t\t\t<h2 class=\"elementor-heading-title elementor-size-default\">Jeesus sanoo: \"En aseta sinun p\u00e4\u00e4llesi mit\u00e4\u00e4n raskasta enk\u00e4 sopimatonta.\"\nLiity Kristuksen kanssa levitt\u00e4m\u00e4\u00e4n iloa ja anteliaisuutta kuin konfettia! Aloita autuas toisten palveleminen, \u00e4l\u00e4k\u00e4 unohda heilutella supersankariviittasi samalla.<\/h2>\t\t\t\t<\/div>\n\t\t<div class=\"elementor-element elementor-element-1d4f73bb e-con-full e-flex e-con e-child\" data-id=\"1d4f73bb\" data-element_type=\"container\" data-e-type=\"container\">\n\t\t\t\t<div class=\"elementor-element elementor-element-43cdaa11 elementor-widget__width-initial elementor-widget elementor-widget-button\" data-id=\"43cdaa11\" data-element_type=\"widget\" data-e-type=\"widget\" data-widget_type=\"button.default\">\n\t\t\t\t\t\t\t\t\t\t<a class=\"elementor-button elementor-button-link elementor-size-sm\" href=\"https:\/\/iloakeskus.church\/fi\/serve\/\">\n\t\t\t\t\t\t<span class=\"elementor-button-content-wrapper\">\n\t\t\t\t\t\t\t\t\t<span class=\"elementor-button-text\">Vastaa Jeesuksen kutsuun<\/span>\n\t\t\t\t\t<\/span>\n\t\t\t\t\t<\/a>\n\t\t\t\t\t\t\t\t<\/div>\n\t\t\t\t<\/div>\n\t\t\t\t\t<\/div>\n\t\t\t\t<\/div>\n\t\t<div class=\"elementor-element elementor-element-2bf3430 e-con-full e-flex e-con e-parent\" data-id=\"2bf3430\" data-element_type=\"container\" data-e-type=\"container\" data-settings=\"{&quot;background_background&quot;:&quot;classic&quot;}\">\n\t\t\t\t<div class=\"elementor-element elementor-element-4b05d807 elementor-widget__width-initial elementor-widget elementor-widget-heading\" data-id=\"4b05d807\" data-element_type=\"widget\" data-e-type=\"widget\" data-widget_type=\"heading.default\">\n\t\t\t\t\t<h2 class=\"elementor-heading-title elementor-size-default\">Palvotaan yhdess\u00e4<\/h2>\t\t\t\t<\/div>\n\t\t\t\t<div class=\"elementor-element elementor-element-32dbab22 elementor-widget__width-initial elementor-widget elementor-widget-button\" data-id=\"32dbab22\" data-element_type=\"widget\" data-e-type=\"widget\" data-widget_type=\"button.default\">\n\t\t\t\t\t\t\t\t\t\t<a class=\"elementor-button elementor-button-link elementor-size-sm\" href=\"https:\/\/iloakeskus.church\/fi\/news\/mission-beliefs\/\">\n\t\t\t\t\t\t<span class=\"elementor-button-content-wrapper\">\n\t\t\t\t\t\t\t\t\t<span class=\"elementor-button-text\">Palvo kanssamme<\/span>\n\t\t\t\t\t<\/span>\n\t\t\t\t\t<\/a>\n\t\t\t\t\t\t\t\t<\/div>\n\t\t\t\t<div class=\"elementor-element elementor-element-7041fe03 elementor-widget__width-initial elementor-widget elementor-widget-heading\" data-id=\"7041fe03\" data-element_type=\"widget\" data-e-type=\"widget\" data-widget_type=\"heading.default\">\n\t\t\t\t\t<h2 class=\"elementor-heading-title elementor-size-default\">Yhteinen toveruus on ensisijainen tapa, jolla kokoonnumme kirkkona palvelemaan yhdess\u00e4, oppimaan Raamatusta, rukoilemaan toistensa puolesta ja luomaan tilaa kuulla, mit\u00e4 Jumalalla on sanottavana. Kaikki ovat tervetulleita. <\/h2>\t\t\t\t<\/div>\n\t\t\t\t<\/div>\n\t\t<div class=\"elementor-element elementor-element-d238279 e-con-full e-flex e-con e-parent\" data-id=\"d238279\" data-element_type=\"container\" data-e-type=\"container\" data-settings=\"{&quot;background_background&quot;:&quot;classic&quot;}\">\n\t\t\t\t<div class=\"elementor-element elementor-element-8f85032 elementor-widget__width-initial elementor-widget elementor-widget-heading\" data-id=\"8f85032\" data-element_type=\"widget\" data-e-type=\"widget\" data-widget_type=\"heading.default\">\n\t\t\t\t\t<h2 class=\"elementor-heading-title elementor-size-default\">2026<\/h2>\t\t\t\t<\/div>\n\t\t\t\t<div class=\"elementor-element elementor-element-84db8c6 elementor-widget__width-initial elementor-widget elementor-widget-heading\" data-id=\"84db8c6\" data-element_type=\"widget\" data-e-type=\"widget\" data-widget_type=\"heading.default\">\n\t\t\t\t\t<h2 class=\"elementor-heading-title elementor-size-default\">El\u00c4EN VALTAKUNNAN EL\u00c4M\u00c4\u00c4<\/h2>\t\t\t\t<\/div>\n\t\t\t\t<div class=\"elementor-element elementor-element-2698f6b elementor-widget__width-initial elementor-widget elementor-widget-heading\" data-id=\"2698f6b\" data-element_type=\"widget\" data-e-type=\"widget\" data-widget_type=\"heading.default\">\n\t\t\t\t\t<h2 class=\"elementor-heading-title elementor-size-default\">Meid\u00e4n vuotemme<\/h2>\t\t\t\t<\/div>\n\t\t\t\t<\/div>\n\t\t<div class=\"elementor-element elementor-element-23639c69 e-flex e-con-boxed e-con e-parent\" data-id=\"23639c69\" data-element_type=\"container\" data-e-type=\"container\" data-settings=\"{&quot;background_background&quot;:&quot;classic&quot;}\">\n\t\t\t\t\t<div class=\"e-con-inner\">\n\t\t\t\t<div class=\"elementor-element elementor-element-1841c0d8 elementor-widget__width-initial elementor-widget elementor-widget-heading\" data-id=\"1841c0d8\" data-element_type=\"widget\" data-e-type=\"widget\" data-widget_type=\"heading.default\">\n\t\t\t\t\t<h2 class=\"elementor-heading-title elementor-size-default\">Tuleva\nTapahtumat<\/h2>\t\t\t\t<\/div>\n\t\t\t\t<div class=\"elementor-element elementor-element-19d82eb8 elementor-widget__width-initial elementor-widget elementor-widget-heading\" data-id=\"19d82eb8\" data-element_type=\"widget\" data-e-type=\"widget\" data-widget_type=\"heading.default\">\n\t\t\t\t\t<h2 class=\"elementor-heading-title elementor-size-default\">Jeesuksen seuraajina haluamme osallistua aktiivisesti kaikkeen, mit\u00e4 Jumala tekee. Odotan innolla tulevia tapahtumia Iloakeskuksessa.<\/h2>\t\t\t\t<\/div>\n\t\t<div class=\"elementor-element elementor-element-272b8cac e-con-full e-flex e-con e-child\" data-id=\"272b8cac\" data-element_type=\"container\" data-e-type=\"container\">\n\t\t\t\t<\/div>\n\t\t\t\t<div class=\"elementor-element elementor-element-a005370 elementor-widget elementor-widget-the-events-calendar-addon\" data-id=\"a005370\" data-element_type=\"widget\" data-e-type=\"widget\" data-widget_type=\"the-events-calendar-addon.default\">\n\t\t\t\t<div class=\"elementor-widget-container\">\n\t\t\t\t\t<!=========Events list Template 1.7.3=========><div id=\"ectbe-wrapper-a005370\" class=\"ectbe-wrapper ectbe-list-wrapper style-1\"><h3>There is no Event<\/h3><\/div>\t\t\t\t<\/div>\n\t\t\t\t<\/div>\n\t\t\t\t\t<\/div>\n\t\t\t\t<\/div>\n\t\t<div class=\"elementor-element elementor-element-133a8e9 e-flex e-con-boxed e-con e-parent\" data-id=\"133a8e9\" data-element_type=\"container\" data-e-type=\"container\" data-settings=\"{&quot;background_background&quot;:&quot;classic&quot;}\">\n\t\t\t\t\t<div class=\"e-con-inner\">\n\t\t\t\t<div class=\"elementor-element elementor-element-a93a217 elementor-widget__width-initial elementor-widget elementor-widget-heading\" data-id=\"a93a217\" data-element_type=\"widget\" data-e-type=\"widget\" data-widget_type=\"heading.default\">\n\t\t\t\t\t<h2 class=\"elementor-heading-title elementor-size-default\">Iloakeskus<\/h2>\t\t\t\t<\/div>\n\t\t\t\t<div class=\"elementor-element elementor-element-9a1edd1 elementor-widget__width-initial elementor-widget elementor-widget-heading\" data-id=\"9a1edd1\" data-element_type=\"widget\" data-e-type=\"widget\" data-widget_type=\"heading.default\">\n\t\t\t\t\t<h2 class=\"elementor-heading-title elementor-size-default\">P\u00e4hkin\u00e4tie 6 F\n01710, Vantaa<\/h2>\t\t\t\t<\/div>\n\t\t\t\t<div class=\"elementor-element elementor-element-39b0074 elementor-widget__width-initial elementor-widget elementor-widget-heading\" data-id=\"39b0074\" data-element_type=\"widget\" data-e-type=\"widget\" data-widget_type=\"heading.default\">\n\t\t\t\t\t<h2 class=\"elementor-heading-title elementor-size-default\"><b>Palveluajat:<\/b>\n\nSunnuntai: klo 13.00<p>\n<\/h2>\t\t\t\t<\/div>\n\t\t\t\t<div class=\"elementor-element elementor-element-ed5a49c elementor-widget__width-initial elementor-widget elementor-widget-heading\" data-id=\"ed5a49c\" data-element_type=\"widget\" data-e-type=\"widget\" data-widget_type=\"heading.default\">\n\t\t\t\t\t<h2 class=\"elementor-heading-title elementor-size-default\">church@iloakeskus.com<\/h2>\t\t\t\t<\/div>\n\t\t<div class=\"elementor-element elementor-element-d9a3997 e-con-full e-flex e-con e-child\" data-id=\"d9a3997\" data-element_type=\"container\" data-e-type=\"container\">\n\t\t\t\t<div class=\"elementor-element elementor-element-b7299c2 elementor-grid-3 elementor-shape-rounded elementor-widget elementor-widget-social-icons\" data-id=\"b7299c2\" data-element_type=\"widget\" data-e-type=\"widget\" data-widget_type=\"social-icons.default\">\n\t\t\t\t\t\t\t<div class=\"elementor-social-icons-wrapper elementor-grid\" role=\"list\">\n\t\t\t\t\t\t\t<span class=\"elementor-grid-item\" role=\"listitem\">\n\t\t\t\t\t<a class=\"elementor-icon elementor-social-icon elementor-social-icon-instagram elementor-repeater-item-843e7aa\" href=\"https:\/\/www.instagram.com\/iloakeskus\/\" target=\"_blank\">\n\t\t\t\t\t\t<span class=\"elementor-screen-only\">Instagram<\/span>\n\t\t\t\t\t\t<svg aria-hidden=\"true\" class=\"e-font-icon-svg e-fab-instagram\" viewbox=\"0 0 448 512\" xmlns=\"http:\/\/www.w3.org\/2000\/svg\"><path d=\"M224.1 141c-63.6 0-114.9 51.3-114.9 114.9s51.3 114.9 114.9 114.9S339 319.5 339 255.9 287.7 141 224.1 141zm0 189.6c-41.1 0-74.7-33.5-74.7-74.7s33.5-74.7 74.7-74.7 74.7 33.5 74.7 74.7-33.6 74.7-74.7 74.7zm146.4-194.3c0 14.9-12 26.8-26.8 26.8-14.9 0-26.8-12-26.8-26.8s12-26.8 26.8-26.8 26.8 12 26.8 26.8zm76.1 27.2c-1.7-35.9-9.9-67.7-36.2-93.9-26.2-26.2-58-34.4-93.9-36.2-37-2.1-147.9-2.1-184.9 0-35.8 1.7-67.6 9.9-93.9 36.1s-34.4 58-36.2 93.9c-2.1 37-2.1 147.9 0 184.9 1.7 35.9 9.9 67.7 36.2 93.9s58 34.4 93.9 36.2c37 2.1 147.9 2.1 184.9 0 35.9-1.7 67.7-9.9 93.9-36.2 26.2-26.2 34.4-58 36.2-93.9 2.1-37 2.1-147.8 0-184.8zM398.8 388c-7.8 19.6-22.9 34.7-42.6 42.6-29.5 11.7-99.5 9-132.1 9s-102.7 2.6-132.1-9c-19.6-7.8-34.7-22.9-42.6-42.6-11.7-29.5-9-99.5-9-132.1s-2.6-102.7 9-132.1c7.8-19.6 22.9-34.7 42.6-42.6 29.5-11.7 99.5-9 132.1-9s102.7-2.6 132.1 9c19.6 7.8 34.7 22.9 42.6 42.6 11.7 29.5 9 99.5 9 132.1s2.7 102.7-9 132.1z\"><\/path><\/svg>\t\t\t\t\t<\/a>\n\t\t\t\t<\/span>\n\t\t\t\t\t\t\t<span class=\"elementor-grid-item\" role=\"listitem\">\n\t\t\t\t\t<a class=\"elementor-icon elementor-social-icon elementor-social-icon-facebook elementor-repeater-item-16ecbb7\" target=\"_blank\">\n\t\t\t\t\t\t<span class=\"elementor-screen-only\">Facebook<\/span>\n\t\t\t\t\t\t<svg aria-hidden=\"true\" class=\"e-font-icon-svg e-fab-facebook\" viewbox=\"0 0 512 512\" xmlns=\"http:\/\/www.w3.org\/2000\/svg\"><path d=\"M504 256C504 119 393 8 256 8S8 119 8 256c0 123.78 90.69 226.38 209.25 245V327.69h-63V256h63v-54.64c0-62.15 37-96.48 93.67-96.48 27.14 0 55.52 4.84 55.52 4.84v61h-31.28c-30.8 0-40.41 19.12-40.41 38.73V256h68.78l-11 71.69h-57.78V501C413.31 482.38 504 379.78 504 256z\"><\/path><\/svg>\t\t\t\t\t<\/a>\n\t\t\t\t<\/span>\n\t\t\t\t\t\t\t<span class=\"elementor-grid-item\" role=\"listitem\">\n\t\t\t\t\t<a class=\"elementor-icon elementor-social-icon elementor-social-icon-youtube elementor-repeater-item-ca12ef6\" target=\"_blank\">\n\t\t\t\t\t\t<span class=\"elementor-screen-only\">Youtube<\/span>\n\t\t\t\t\t\t<svg aria-hidden=\"true\" class=\"e-font-icon-svg e-fab-youtube\" viewbox=\"0 0 576 512\" xmlns=\"http:\/\/www.w3.org\/2000\/svg\"><path d=\"M549.655 124.083c-6.281-23.65-24.787-42.276-48.284-48.597C458.781 64 288 64 288 64S117.22 64 74.629 75.486c-23.497 6.322-42.003 24.947-48.284 48.597-11.412 42.867-11.412 132.305-11.412 132.305s0 89.438 11.412 132.305c6.281 23.65 24.787 41.5 48.284 47.821C117.22 448 288 448 288 448s170.78 0 213.371-11.486c23.497-6.321 42.003-24.171 48.284-47.821 11.412-42.867 11.412-132.305 11.412-132.305s0-89.438-11.412-132.305zm-317.51 213.508V175.185l142.739 81.205-142.739 81.201z\"><\/path><\/svg>\t\t\t\t\t<\/a>\n\t\t\t\t<\/span>\n\t\t\t\t\t<\/div>\n\t\t\t\t\t\t<\/div>\n\t\t\t\t<\/div>\n\t\t<div class=\"elementor-element elementor-element-c75741d e-con-full e-flex e-con e-child\" data-id=\"c75741d\" data-element_type=\"container\" data-e-type=\"container\">\n\t\t\t\t<div class=\"elementor-element elementor-element-fc60cbc elementor-cta--skin-classic elementor-animated-content elementor-bg-transform elementor-bg-transform-zoom-in elementor-widget elementor-widget-call-to-action\" data-id=\"fc60cbc\" data-element_type=\"widget\" data-e-type=\"widget\" data-widget_type=\"call-to-action.default\">\n\t\t\t\t\t\t\t<div class=\"elementor-cta\">\n\t\t\t\t\t\t\t<div class=\"elementor-cta__content\">\n\t\t\t\t\n\t\t\t\t\n\t\t\t\t\t\t\t\t\t<div class=\"elementor-cta__description elementor-cta__content-item elementor-content-item\">\n\t\t\t\t\t\tTilaa Iloakeskuksen Viikkolehti saadaksesi tietoa tulevista tapahtumista ja t\u00e4rkeist\u00e4 ilmoituksista.\t\t\t\t\t<\/div>\n\t\t\t\t\n\t\t\t\t\t\t\t\t\t<div class=\"elementor-cta__button-wrapper elementor-cta__content-item elementor-content-item\">\n\t\t\t\t\t<a class=\"elementor-cta__button elementor-button elementor-size-\">\n\t\t\t\t\t\tTilaa\t\t\t\t\t<\/a>\n\t\t\t\t\t<\/div>\n\t\t\t\t\t\t\t<\/div>\n\t\t\t\t\t\t<\/div>\n\t\t\t\t\t\t<\/div>\n\t\t\t\t<\/div>\n\t\t<div class=\"elementor-element elementor-element-9e7d16c e-con-full e-flex e-con e-child\" data-id=\"9e7d16c\" data-element_type=\"container\" data-e-type=\"container\">\n\t\t\t\t<div class=\"elementor-element elementor-element-aeb3486 elementor-nav-menu--dropdown-none elementor-widget-mobile__width-initial elementor-widget elementor-widget-nav-menu\" data-id=\"aeb3486\" data-element_type=\"widget\" data-e-type=\"widget\" data-settings=\"{&quot;layout&quot;:&quot;vertical&quot;,&quot;submenu_icon&quot;:{&quot;value&quot;:&quot;&lt;svg class=\\&quot;e-font-icon-svg e-fas-caret-down\\&quot; viewBox=\\&quot;0 0 320 512\\&quot; xmlns=\\&quot;http:\\\/\\\/www.w3.org\\\/2000\\\/svg\\&quot;&gt;&lt;path d=\\&quot;M31.3 192h257.3c17.8 0 26.7 21.5 14.1 34.1L174.1 354.8c-7.8 7.8-20.5 7.8-28.3 0L17.2 226.1C4.6 213.5 13.5 192 31.3 192z\\&quot;&gt;&lt;\\\/path&gt;&lt;\\\/svg&gt;&quot;,&quot;library&quot;:&quot;fa-solid&quot;}}\" data-widget_type=\"nav-menu.default\">\n\t\t\t\t\t\t\t\t<nav aria-label=\"Valikko\" class=\"elementor-nav-menu--main elementor-nav-menu__container elementor-nav-menu--layout-vertical e--pointer-underline e--animation-fade\">\n\t\t\t\t<ul id=\"menu-1-aeb3486\" class=\"elementor-nav-menu sm-vertical\"><li class=\"menu-item menu-item-type-post_type menu-item-object-page menu-item-home menu-item-802\"><a href=\"https:\/\/iloakeskus.church\/fi\/\" class=\"elementor-item\">Koti<\/a><\/li>\n<li class=\"menu-item menu-item-type-post_type menu-item-object-page menu-item-803\"><a href=\"https:\/\/iloakeskus.church\/fi\/find-comfort\/\" class=\"elementor-item\">L\u00f6yt\u00e4\u00e4 Lohtua<\/a><\/li>\n<li class=\"menu-item menu-item-type-post_type menu-item-object-page menu-item-804\"><a href=\"https:\/\/iloakeskus.church\/fi\/follow\/\" class=\"elementor-item\">Harjoittele Jeesuksen tiet\u00e4<\/a><\/li>\n<li class=\"menu-item menu-item-type-post_type menu-item-object-page menu-item-806\"><a href=\"https:\/\/iloakeskus.church\/fi\/serve\/\" class=\"elementor-item\">Palvella<\/a><\/li>\n<li class=\"menu-item menu-item-type-post_type menu-item-object-page menu-item-805\"><a href=\"https:\/\/iloakeskus.church\/fi\/sign-up-for-discipleship\/\" class=\"elementor-item\">Sign up for Discipleship<\/a><\/li>\n<li class=\"menu-item menu-item-type-post_type menu-item-object-post menu-item-2120\"><a href=\"https:\/\/iloakeskus.church\/fi\/news\/mission-beliefs\/\" class=\"elementor-item\">missio &amp; uskomukset<\/a><\/li>\n<li class=\"menu-item menu-item-type-custom menu-item-object-custom menu-item-807\"><a href=\"https:\/\/iloakeskus.church\/fi\/lp-profile\/\" class=\"elementor-item\">Kirjaudu sis\u00e4\u00e4n<\/a><\/li>\n<\/ul>\t\t\t<\/nav>\n\t\t\t\t\t\t<nav class=\"elementor-nav-menu--dropdown elementor-nav-menu__container\" aria-hidden=\"true\">\n\t\t\t\t<ul id=\"menu-2-aeb3486\" class=\"elementor-nav-menu sm-vertical\"><li class=\"menu-item menu-item-type-post_type menu-item-object-page menu-item-home menu-item-802\"><a href=\"https:\/\/iloakeskus.church\/fi\/\" class=\"elementor-item\" tabindex=\"-1\">Koti<\/a><\/li>\n<li class=\"menu-item menu-item-type-post_type menu-item-object-page menu-item-803\"><a href=\"https:\/\/iloakeskus.church\/fi\/find-comfort\/\" class=\"elementor-item\" tabindex=\"-1\">L\u00f6yt\u00e4\u00e4 Lohtua<\/a><\/li>\n<li class=\"menu-item menu-item-type-post_type menu-item-object-page menu-item-804\"><a href=\"https:\/\/iloakeskus.church\/fi\/follow\/\" class=\"elementor-item\" tabindex=\"-1\">Harjoittele Jeesuksen tiet\u00e4<\/a><\/li>\n<li class=\"menu-item menu-item-type-post_type menu-item-object-page menu-item-806\"><a href=\"https:\/\/iloakeskus.church\/fi\/serve\/\" class=\"elementor-item\" tabindex=\"-1\">Palvella<\/a><\/li>\n<li class=\"menu-item menu-item-type-post_type menu-item-object-page menu-item-805\"><a href=\"https:\/\/iloakeskus.church\/fi\/sign-up-for-discipleship\/\" class=\"elementor-item\" tabindex=\"-1\">Sign up for Discipleship<\/a><\/li>\n<li class=\"menu-item menu-item-type-post_type menu-item-object-post menu-item-2120\"><a href=\"https:\/\/iloakeskus.church\/fi\/news\/mission-beliefs\/\" class=\"elementor-item\" tabindex=\"-1\">missio &amp; uskomukset<\/a><\/li>\n<li class=\"menu-item menu-item-type-custom menu-item-object-custom menu-item-807\"><a href=\"https:\/\/iloakeskus.church\/fi\/lp-profile\/\" class=\"elementor-item\" tabindex=\"-1\">Kirjaudu sis\u00e4\u00e4n<\/a><\/li>\n<\/ul>\t\t\t<\/nav>\n\t\t\t\t\t\t<\/div>\n\t\t\t\t<\/div>\n\t\t\t\t\t<\/div>\n\t\t\t\t<\/div>\n\t\t\t\t<\/div>","protected":false},"excerpt":{"rendered":"<p>Welcome to ILOAKESKUS Spreading the Love of Christ over Finland Find peace and solace in Jesus Jesus says \u201cAre you [&hellip;]<\/p>\n","protected":false},"author":1,"featured_media":0,"parent":0,"menu_order":0,"comment_status":"closed","ping_status":"closed","template":"","meta":{"footnotes":""},"class_list":["post-8","page","type-page","status-publish","hentry"],"_links":{"self":[{"href":"https:\/\/iloakeskus.church\/fi\/wp-json\/wp\/v2\/pages\/8","targetHints":{"allow":["GET"]}}],"collection":[{"href":"https:\/\/iloakeskus.church\/fi\/wp-json\/wp\/v2\/pages"}],"about":[{"href":"https:\/\/iloakeskus.church\/fi\/wp-json\/wp\/v2\/types\/page"}],"author":[{"embeddable":true,"href":"https:\/\/iloakeskus.church\/fi\/wp-json\/wp\/v2\/users\/1"}],"replies":[{"embeddable":true,"href":"https:\/\/iloakeskus.church\/fi\/wp-json\/wp\/v2\/comments?post=8"}],"version-history":[{"count":103,"href":"https:\/\/iloakeskus.church\/fi\/wp-json\/wp\/v2\/pages\/8\/revisions"}],"predecessor-version":[{"id":2139,"href":"https:\/\/iloakeskus.church\/fi\/wp-json\/wp\/v2\/pages\/8\/revisions\/2139"}],"wp:attachment":[{"href":"https:\/\/iloakeskus.church\/fi\/wp-json\/wp\/v2\/media?parent=8"}],"curies":[{"name":"wp","href":"https:\/\/api.w.org\/{rel}","templated":true}]}}