{"id":266,"date":"2023-08-18T16:31:35","date_gmt":"2023-08-18T13:31:35","guid":{"rendered":"https:\/\/iloakeskus.church\/lp-profile\/"},"modified":"2025-03-10T18:44:25","modified_gmt":"2025-03-10T16:44:25","slug":"lp-profile","status":"publish","type":"page","link":"https:\/\/iloakeskus.church\/fi\/lp-profile\/","title":{"rendered":"Profile"},"content":{"rendered":"<div data-elementor-type=\"wp-page\" data-elementor-id=\"266\" class=\"elementor elementor-266\" data-elementor-post-type=\"page\">\n\t\t\t\t<div class=\"elementor-element elementor-element-7900f29f e-flex e-con-boxed e-con e-parent\" data-id=\"7900f29f\" data-element_type=\"container\" data-e-type=\"container\">\n\t\t\t\t\t<div class=\"e-con-inner\">\n\t\t\t\t<div class=\"elementor-element elementor-element-2768f850 elementor-widget elementor-widget-text-editor\" data-id=\"2768f850\" data-element_type=\"widget\" data-e-type=\"widget\" data-widget_type=\"text-editor.default\">\n\t\t\t\t\t\t\t\t\t<div class=\"learnpress\">\n<div class=\"learn-press-message error\">This shortcode LP Profile only use on the page <a href=\"https:\/\/iloakeskus.church\/wp-admin\/admin.php?page=learn-press-settings\"><strong>Profile<\/strong><\/a><\/div>\n<\/div>\n\t\t\t\t\t\t\t\t<\/div>\n\t\t\t\t\t<\/div>\n\t\t\t\t<\/div>\n\t\t<div class=\"elementor-element elementor-element-1e5579f e-flex e-con-boxed e-con e-parent\" data-id=\"1e5579f\" data-element_type=\"container\" data-e-type=\"container\" data-settings=\"{&quot;background_background&quot;:&quot;classic&quot;}\">\n\t\t\t\t\t<div class=\"e-con-inner\">\n\t\t\t\t<div class=\"elementor-element elementor-element-2e2f11f6 elementor-widget__width-initial elementor-widget elementor-widget-heading\" data-id=\"2e2f11f6\" data-element_type=\"widget\" data-e-type=\"widget\" data-widget_type=\"heading.default\">\n\t\t\t\t\t<h2 class=\"elementor-heading-title elementor-size-default\">Iloakeskus<\/h2>\t\t\t\t<\/div>\n\t\t\t\t<div class=\"elementor-element elementor-element-1927a271 elementor-widget__width-initial elementor-widget elementor-widget-heading\" data-id=\"1927a271\" data-element_type=\"widget\" data-e-type=\"widget\" data-widget_type=\"heading.default\">\n\t\t\t\t\t<h2 class=\"elementor-heading-title elementor-size-default\">P\u00e4hkin\u00e4tie 6 F\n01710, Vantaa<\/h2>\t\t\t\t<\/div>\n\t\t\t\t<div class=\"elementor-element elementor-element-185a4603 elementor-widget__width-initial elementor-widget elementor-widget-heading\" data-id=\"185a4603\" data-element_type=\"widget\" data-e-type=\"widget\" data-widget_type=\"heading.default\">\n\t\t\t\t\t<h2 class=\"elementor-heading-title elementor-size-default\"><b>Palveluajat:<\/b>\nSunnuntai: klo 13.00<p>\n<\/h2>\t\t\t\t<\/div>\n\t\t\t\t<div class=\"elementor-element elementor-element-7a3792ad elementor-widget__width-initial elementor-widget elementor-widget-heading\" data-id=\"7a3792ad\" data-element_type=\"widget\" data-e-type=\"widget\" data-widget_type=\"heading.default\">\n\t\t\t\t\t<h2 class=\"elementor-heading-title elementor-size-default\">church@iloakeskus.com<\/h2>\t\t\t\t<\/div>\n\t\t<div class=\"elementor-element elementor-element-df89c07 e-con-full e-flex e-con e-child\" data-id=\"df89c07\" data-element_type=\"container\" data-e-type=\"container\">\n\t\t\t\t<div class=\"elementor-element elementor-element-61a4fa9c elementor-grid-3 elementor-shape-rounded elementor-widget elementor-widget-social-icons\" data-id=\"61a4fa9c\" data-element_type=\"widget\" data-e-type=\"widget\" data-widget_type=\"social-icons.default\">\n\t\t\t\t\t\t\t<div class=\"elementor-social-icons-wrapper elementor-grid\" role=\"list\">\n\t\t\t\t\t\t\t<span class=\"elementor-grid-item\" role=\"listitem\">\n\t\t\t\t\t<a class=\"elementor-icon elementor-social-icon elementor-social-icon-instagram elementor-repeater-item-843e7aa\" href=\"https:\/\/www.instagram.com\/iloakeskus\/\" target=\"_blank\">\n\t\t\t\t\t\t<span class=\"elementor-screen-only\">Instagram<\/span>\n\t\t\t\t\t\t<svg aria-hidden=\"true\" class=\"e-font-icon-svg e-fab-instagram\" viewbox=\"0 0 448 512\" xmlns=\"http:\/\/www.w3.org\/2000\/svg\"><path d=\"M224.1 141c-63.6 0-114.9 51.3-114.9 114.9s51.3 114.9 114.9 114.9S339 319.5 339 255.9 287.7 141 224.1 141zm0 189.6c-41.1 0-74.7-33.5-74.7-74.7s33.5-74.7 74.7-74.7 74.7 33.5 74.7 74.7-33.6 74.7-74.7 74.7zm146.4-194.3c0 14.9-12 26.8-26.8 26.8-14.9 0-26.8-12-26.8-26.8s12-26.8 26.8-26.8 26.8 12 26.8 26.8zm76.1 27.2c-1.7-35.9-9.9-67.7-36.2-93.9-26.2-26.2-58-34.4-93.9-36.2-37-2.1-147.9-2.1-184.9 0-35.8 1.7-67.6 9.9-93.9 36.1s-34.4 58-36.2 93.9c-2.1 37-2.1 147.9 0 184.9 1.7 35.9 9.9 67.7 36.2 93.9s58 34.4 93.9 36.2c37 2.1 147.9 2.1 184.9 0 35.9-1.7 67.7-9.9 93.9-36.2 26.2-26.2 34.4-58 36.2-93.9 2.1-37 2.1-147.8 0-184.8zM398.8 388c-7.8 19.6-22.9 34.7-42.6 42.6-29.5 11.7-99.5 9-132.1 9s-102.7 2.6-132.1-9c-19.6-7.8-34.7-22.9-42.6-42.6-11.7-29.5-9-99.5-9-132.1s-2.6-102.7 9-132.1c7.8-19.6 22.9-34.7 42.6-42.6 29.5-11.7 99.5-9 132.1-9s102.7-2.6 132.1 9c19.6 7.8 34.7 22.9 42.6 42.6 11.7 29.5 9 99.5 9 132.1s2.7 102.7-9 132.1z\"><\/path><\/svg>\t\t\t\t\t<\/a>\n\t\t\t\t<\/span>\n\t\t\t\t\t\t\t<span class=\"elementor-grid-item\" role=\"listitem\">\n\t\t\t\t\t<a class=\"elementor-icon elementor-social-icon elementor-social-icon-facebook elementor-repeater-item-16ecbb7\" target=\"_blank\">\n\t\t\t\t\t\t<span class=\"elementor-screen-only\">Facebook<\/span>\n\t\t\t\t\t\t<svg aria-hidden=\"true\" class=\"e-font-icon-svg e-fab-facebook\" viewbox=\"0 0 512 512\" xmlns=\"http:\/\/www.w3.org\/2000\/svg\"><path d=\"M504 256C504 119 393 8 256 8S8 119 8 256c0 123.78 90.69 226.38 209.25 245V327.69h-63V256h63v-54.64c0-62.15 37-96.48 93.67-96.48 27.14 0 55.52 4.84 55.52 4.84v61h-31.28c-30.8 0-40.41 19.12-40.41 38.73V256h68.78l-11 71.69h-57.78V501C413.31 482.38 504 379.78 504 256z\"><\/path><\/svg>\t\t\t\t\t<\/a>\n\t\t\t\t<\/span>\n\t\t\t\t\t\t\t<span class=\"elementor-grid-item\" role=\"listitem\">\n\t\t\t\t\t<a class=\"elementor-icon elementor-social-icon elementor-social-icon-youtube elementor-repeater-item-ca12ef6\" target=\"_blank\">\n\t\t\t\t\t\t<span class=\"elementor-screen-only\">Youtube<\/span>\n\t\t\t\t\t\t<svg aria-hidden=\"true\" class=\"e-font-icon-svg e-fab-youtube\" viewbox=\"0 0 576 512\" xmlns=\"http:\/\/www.w3.org\/2000\/svg\"><path d=\"M549.655 124.083c-6.281-23.65-24.787-42.276-48.284-48.597C458.781 64 288 64 288 64S117.22 64 74.629 75.486c-23.497 6.322-42.003 24.947-48.284 48.597-11.412 42.867-11.412 132.305-11.412 132.305s0 89.438 11.412 132.305c6.281 23.65 24.787 41.5 48.284 47.821C117.22 448 288 448 288 448s170.78 0 213.371-11.486c23.497-6.321 42.003-24.171 48.284-47.821 11.412-42.867 11.412-132.305 11.412-132.305s0-89.438-11.412-132.305zm-317.51 213.508V175.185l142.739 81.205-142.739 81.201z\"><\/path><\/svg>\t\t\t\t\t<\/a>\n\t\t\t\t<\/span>\n\t\t\t\t\t<\/div>\n\t\t\t\t\t\t<\/div>\n\t\t\t\t<\/div>\n\t\t<div class=\"elementor-element elementor-element-2882dec9 e-con-full e-flex e-con e-child\" data-id=\"2882dec9\" data-element_type=\"container\" data-e-type=\"container\">\n\t\t\t\t<div class=\"elementor-element elementor-element-39abcfac elementor-cta--skin-classic elementor-animated-content elementor-bg-transform elementor-bg-transform-zoom-in elementor-widget elementor-widget-call-to-action\" data-id=\"39abcfac\" data-element_type=\"widget\" data-e-type=\"widget\" data-widget_type=\"call-to-action.default\">\n\t\t\t\t\t\t\t<div class=\"elementor-cta\">\n\t\t\t\t\t\t\t<div class=\"elementor-cta__content\">\n\t\t\t\t\n\t\t\t\t\n\t\t\t\t\t\t\t\t\t<div class=\"elementor-cta__description elementor-cta__content-item elementor-content-item\">\n\t\t\t\t\t\tTilaa Iloakeskuksen Viikkolehti saadaksesi tietoa tulevista tapahtumista ja t\u00e4rkeist\u00e4 ilmoituksista.\t\t\t\t\t<\/div>\n\t\t\t\t\n\t\t\t\t\t\t\t\t\t<div class=\"elementor-cta__button-wrapper elementor-cta__content-item elementor-content-item\">\n\t\t\t\t\t<a class=\"elementor-cta__button elementor-button elementor-size-\">\n\t\t\t\t\t\tTilaa\t\t\t\t\t<\/a>\n\t\t\t\t\t<\/div>\n\t\t\t\t\t\t\t<\/div>\n\t\t\t\t\t\t<\/div>\n\t\t\t\t\t\t<\/div>\n\t\t\t\t<\/div>\n\t\t<div class=\"elementor-element elementor-element-3097e440 e-con-full e-flex e-con e-child\" data-id=\"3097e440\" data-element_type=\"container\" data-e-type=\"container\">\n\t\t\t\t<div class=\"elementor-element elementor-element-3719c217 elementor-nav-menu--dropdown-none elementor-widget-mobile__width-initial elementor-widget elementor-widget-nav-menu\" data-id=\"3719c217\" data-element_type=\"widget\" data-e-type=\"widget\" data-settings=\"{&quot;layout&quot;:&quot;vertical&quot;,&quot;submenu_icon&quot;:{&quot;value&quot;:&quot;&lt;svg class=\\&quot;e-font-icon-svg e-fas-caret-down\\&quot; viewBox=\\&quot;0 0 320 512\\&quot; xmlns=\\&quot;http:\\\/\\\/www.w3.org\\\/2000\\\/svg\\&quot;&gt;&lt;path d=\\&quot;M31.3 192h257.3c17.8 0 26.7 21.5 14.1 34.1L174.1 354.8c-7.8 7.8-20.5 7.8-28.3 0L17.2 226.1C4.6 213.5 13.5 192 31.3 192z\\&quot;&gt;&lt;\\\/path&gt;&lt;\\\/svg&gt;&quot;,&quot;library&quot;:&quot;fa-solid&quot;}}\" data-widget_type=\"nav-menu.default\">\n\t\t\t\t\t\t\t\t<nav aria-label=\"Valikko\" class=\"elementor-nav-menu--main elementor-nav-menu__container elementor-nav-menu--layout-vertical e--pointer-underline e--animation-fade\">\n\t\t\t\t<ul id=\"menu-1-3719c217\" class=\"elementor-nav-menu sm-vertical\"><li class=\"menu-item menu-item-type-post_type menu-item-object-page menu-item-home menu-item-16\"><a href=\"https:\/\/iloakeskus.church\/fi\/\" class=\"elementor-item\">Koti<\/a><\/li>\n<li class=\"menu-item menu-item-type-post_type menu-item-object-page menu-item-198\"><a href=\"https:\/\/iloakeskus.church\/fi\/find-comfort\/\" class=\"elementor-item\">L\u00f6yt\u00e4\u00e4 Lohtua<\/a><\/li>\n<li class=\"menu-item menu-item-type-post_type menu-item-object-page menu-item-214\"><a href=\"https:\/\/iloakeskus.church\/fi\/follow\/\" class=\"elementor-item\">Harjoittele Jeesuksen tiet\u00e4<\/a><\/li>\n<li class=\"menu-item menu-item-type-post_type menu-item-object-page menu-item-671\"><a href=\"https:\/\/iloakeskus.church\/fi\/serve\/\" class=\"elementor-item\">Palvella<\/a><\/li>\n<li class=\"menu-item menu-item-type-post_type menu-item-object-post menu-item-2121\"><a href=\"https:\/\/iloakeskus.church\/fi\/news\/mission-beliefs\/\" class=\"elementor-item\">missio &amp; uskomukset<\/a><\/li>\n<li class=\"menu-item menu-item-type-post_type menu-item-object-page menu-item-396\"><a href=\"https:\/\/iloakeskus.church\/fi\/lp-profile\/\" class=\"elementor-item\">Kirjaudu sis\u00e4\u00e4n<\/a><\/li>\n<li class=\"trp-language-switcher-container menu-item menu-item-type-post_type menu-item-object-language_switcher menu-item-has-children current-language-menu-item menu-item-588\"><a href=\"https:\/\/iloakeskus.church\/fi\/wp-json\/wp\/v2\/pages\/266\" class=\"elementor-item elementor-item-anchor\"><span data-no-translation><img decoding=\"async\" class=\"trp-flag-image\" src=\"https:\/\/iloakeskus.church\/wp-content\/plugins\/translatepress-multilingual\/assets\/images\/flags\/fi.png\" width=\"18\" height=\"12\" alt=\"fi\" title=\"Finnish\"><\/span><\/a>\n<ul class=\"sub-menu elementor-nav-menu--dropdown\">\n\t<li class=\"trp-language-switcher-container menu-item menu-item-type-post_type menu-item-object-language_switcher current-language-menu-item menu-item-590\"><a href=\"https:\/\/iloakeskus.church\/fi\/wp-json\/wp\/v2\/pages\/266\" class=\"elementor-sub-item elementor-item-anchor\"><span data-no-translation><img decoding=\"async\" class=\"trp-flag-image\" src=\"https:\/\/iloakeskus.church\/wp-content\/plugins\/translatepress-multilingual\/assets\/images\/flags\/en_US.png\" width=\"18\" height=\"12\" alt=\"en_US\" title=\"English\"><\/span><\/a><\/li>\n<\/ul>\n<\/li>\n<\/ul>\t\t\t<\/nav>\n\t\t\t\t\t\t<nav class=\"elementor-nav-menu--dropdown elementor-nav-menu__container\" aria-hidden=\"true\">\n\t\t\t\t<ul id=\"menu-2-3719c217\" class=\"elementor-nav-menu sm-vertical\"><li class=\"menu-item menu-item-type-post_type menu-item-object-page menu-item-home menu-item-16\"><a href=\"https:\/\/iloakeskus.church\/fi\/\" class=\"elementor-item\" tabindex=\"-1\">Koti<\/a><\/li>\n<li class=\"menu-item menu-item-type-post_type menu-item-object-page menu-item-198\"><a href=\"https:\/\/iloakeskus.church\/fi\/find-comfort\/\" class=\"elementor-item\" tabindex=\"-1\">L\u00f6yt\u00e4\u00e4 Lohtua<\/a><\/li>\n<li class=\"menu-item menu-item-type-post_type menu-item-object-page menu-item-214\"><a href=\"https:\/\/iloakeskus.church\/fi\/follow\/\" class=\"elementor-item\" tabindex=\"-1\">Harjoittele Jeesuksen tiet\u00e4<\/a><\/li>\n<li class=\"menu-item menu-item-type-post_type menu-item-object-page menu-item-671\"><a href=\"https:\/\/iloakeskus.church\/fi\/serve\/\" class=\"elementor-item\" tabindex=\"-1\">Palvella<\/a><\/li>\n<li class=\"menu-item menu-item-type-post_type menu-item-object-post menu-item-2121\"><a href=\"https:\/\/iloakeskus.church\/fi\/news\/mission-beliefs\/\" class=\"elementor-item\" tabindex=\"-1\">missio &amp; uskomukset<\/a><\/li>\n<li class=\"menu-item menu-item-type-post_type menu-item-object-page menu-item-396\"><a href=\"https:\/\/iloakeskus.church\/fi\/lp-profile\/\" class=\"elementor-item\" tabindex=\"-1\">Kirjaudu sis\u00e4\u00e4n<\/a><\/li>\n<li class=\"trp-language-switcher-container menu-item menu-item-type-post_type menu-item-object-language_switcher menu-item-has-children current-language-menu-item menu-item-588\"><a href=\"https:\/\/iloakeskus.church\/fi\/wp-json\/wp\/v2\/pages\/266\" class=\"elementor-item elementor-item-anchor\" tabindex=\"-1\"><span data-no-translation><img decoding=\"async\" class=\"trp-flag-image\" src=\"https:\/\/iloakeskus.church\/wp-content\/plugins\/translatepress-multilingual\/assets\/images\/flags\/fi.png\" width=\"18\" height=\"12\" alt=\"fi\" title=\"Finnish\"><\/span><\/a>\n<ul class=\"sub-menu elementor-nav-menu--dropdown\">\n\t<li class=\"trp-language-switcher-container menu-item menu-item-type-post_type menu-item-object-language_switcher current-language-menu-item menu-item-590\"><a href=\"https:\/\/iloakeskus.church\/fi\/wp-json\/wp\/v2\/pages\/266\" class=\"elementor-sub-item elementor-item-anchor\" tabindex=\"-1\"><span data-no-translation><img decoding=\"async\" class=\"trp-flag-image\" src=\"https:\/\/iloakeskus.church\/wp-content\/plugins\/translatepress-multilingual\/assets\/images\/flags\/en_US.png\" width=\"18\" height=\"12\" alt=\"en_US\" title=\"English\"><\/span><\/a><\/li>\n<\/ul>\n<\/li>\n<\/ul>\t\t\t<\/nav>\n\t\t\t\t\t\t<\/div>\n\t\t\t\t<\/div>\n\t\t\t\t\t<\/div>\n\t\t\t\t<\/div>\n\t\t\t\t<\/div>","protected":false},"excerpt":{"rendered":"<p>Iloakeskus P\u00e4hkin\u00e4tie 6 F 01710, Vantaa Service times: Sundays: 1.00 pm church@iloakeskus.com Instagram Facebook Youtube Subscribe to Iloakeskus&#8217; Weekly to [&hellip;]<\/p>\n","protected":false},"author":1,"featured_media":0,"parent":0,"menu_order":0,"comment_status":"closed","ping_status":"closed","template":"","meta":{"footnotes":""},"class_list":["post-266","page","type-page","status-publish","hentry"],"_links":{"self":[{"href":"https:\/\/iloakeskus.church\/fi\/wp-json\/wp\/v2\/pages\/266","targetHints":{"allow":["GET"]}}],"collection":[{"href":"https:\/\/iloakeskus.church\/fi\/wp-json\/wp\/v2\/pages"}],"about":[{"href":"https:\/\/iloakeskus.church\/fi\/wp-json\/wp\/v2\/types\/page"}],"author":[{"embeddable":true,"href":"https:\/\/iloakeskus.church\/fi\/wp-json\/wp\/v2\/users\/1"}],"replies":[{"embeddable":true,"href":"https:\/\/iloakeskus.church\/fi\/wp-json\/wp\/v2\/comments?post=266"}],"version-history":[{"count":17,"href":"https:\/\/iloakeskus.church\/fi\/wp-json\/wp\/v2\/pages\/266\/revisions"}],"predecessor-version":[{"id":2027,"href":"https:\/\/iloakeskus.church\/fi\/wp-json\/wp\/v2\/pages\/266\/revisions\/2027"}],"wp:attachment":[{"href":"https:\/\/iloakeskus.church\/fi\/wp-json\/wp\/v2\/media?parent=266"}],"curies":[{"name":"wp","href":"https:\/\/api.w.org\/{rel}","templated":true}]}}