{"id":202,"date":"2023-05-24T21:49:28","date_gmt":"2023-05-24T21:49:28","guid":{"rendered":"https:\/\/iloakeskus.church\/?page_id=202"},"modified":"2025-12-26T17:56:55","modified_gmt":"2025-12-26T15:56:55","slug":"follow","status":"publish","type":"page","link":"https:\/\/iloakeskus.church\/fi\/follow\/","title":{"rendered":"Follow"},"content":{"rendered":"<div data-elementor-type=\"wp-page\" data-elementor-id=\"202\" class=\"elementor elementor-202\" data-elementor-post-type=\"page\">\n\t\t\t\t<div class=\"elementor-element elementor-element-26618b9a e-flex e-con-boxed e-con e-parent\" data-id=\"26618b9a\" data-element_type=\"container\" data-e-type=\"container\" data-settings=\"{&quot;background_background&quot;:&quot;classic&quot;}\">\n\t\t\t\t\t<div class=\"e-con-inner\">\n\t\t\t\t<div class=\"elementor-element elementor-element-787f323e elementor-widget__width-initial elementor-widget elementor-widget-heading\" data-id=\"787f323e\" data-element_type=\"widget\" data-e-type=\"widget\" data-widget_type=\"heading.default\">\n\t\t\t\t\t<h2 class=\"elementor-heading-title elementor-size-default\">Mit\u00e4 Jeesuksen seuraaminen tarkoittaa?<\/h2>\t\t\t\t<\/div>\n\t\t\t\t<div class=\"elementor-element elementor-element-55e9dfff elementor-widget__width-initial elementor-widget elementor-widget-heading\" data-id=\"55e9dfff\" data-element_type=\"widget\" data-e-type=\"widget\" data-widget_type=\"heading.default\">\n\t\t\t\t\t<h2 class=\"elementor-heading-title elementor-size-default\">Kuulemme kielen \"Jeesuksen seuraaja\" koko ajan, mutta mit\u00e4 tarkoittaa olla Nasaretilaisen opettajan opetuslapsi tai oppipoika? Yksinkertaisesti sanottuna se tarkoittaa, ett\u00e4 j\u00e4rjest\u00e4t el\u00e4m\u00e4si uudelleen kolmen tavoitteen ymp\u00e4rille: Ole Jeesuksen kanssa, tule Jeesuksen kaltaiseksi, tee mit\u00e4 Jeesus teki. Unelmamme on, ett\u00e4 kun el\u00e4mme t\u00e4ll\u00e4 tavalla, el\u00e4m\u00e4mme, yhteis\u00f6mme ja kaupunkimme muuttuvat.<\/h2>\t\t\t\t<\/div>\n\t\t\t\t\t<\/div>\n\t\t\t\t<\/div>\n\t\t<div class=\"elementor-element elementor-element-3be6bdea e-con-full e-flex e-con e-parent\" data-id=\"3be6bdea\" data-element_type=\"container\" data-e-type=\"container\" data-settings=\"{&quot;background_background&quot;:&quot;classic&quot;}\">\n\t\t\t\t<div class=\"elementor-element elementor-element-fa8b46a elementor-widget__width-initial elementor-widget elementor-widget-heading\" data-id=\"fa8b46a\" data-element_type=\"widget\" data-e-type=\"widget\" data-widget_type=\"heading.default\">\n\t\t\t\t\t<h2 class=\"elementor-heading-title elementor-size-default\">Ole Jeesuksen kanssa<\/h2>\t\t\t\t<\/div>\n\t\t\t\t<div class=\"elementor-element elementor-element-814c47c elementor-widget__width-initial elementor-widget elementor-widget-heading\" data-id=\"814c47c\" data-element_type=\"widget\" data-e-type=\"widget\" data-widget_type=\"heading.default\">\n\t\t\t\t\t<h2 class=\"elementor-heading-title elementor-size-default\">Tule Jeesuksen kaltaiseksi<\/h2>\t\t\t\t<\/div>\n\t\t\t\t<div class=\"elementor-element elementor-element-9bb05e0 elementor-widget__width-initial elementor-widget elementor-widget-heading\" data-id=\"9bb05e0\" data-element_type=\"widget\" data-e-type=\"widget\" data-widget_type=\"heading.default\">\n\t\t\t\t\t<h2 class=\"elementor-heading-title elementor-size-default\">Tee mit\u00e4 Jeesus teki<\/h2>\t\t\t\t<\/div>\n\t\t\t\t<\/div>\n\t\t<div class=\"elementor-element elementor-element-3a96f84 e-flex e-con-boxed e-con e-parent\" data-id=\"3a96f84\" data-element_type=\"container\" data-e-type=\"container\" data-settings=\"{&quot;background_background&quot;:&quot;classic&quot;}\">\n\t\t\t\t\t<div class=\"e-con-inner\">\n\t\t\t\t<div class=\"elementor-element elementor-element-1244ed47 elementor-widget__width-initial elementor-widget elementor-widget-heading\" data-id=\"1244ed47\" data-element_type=\"widget\" data-e-type=\"widget\" data-widget_type=\"heading.default\">\n\t\t\t\t\t<h2 class=\"elementor-heading-title elementor-size-default\">Mit\u00e4 Jeesuksen tien harjoittaminen tarkoittaa?<\/h2>\t\t\t\t<\/div>\n\t\t\t\t<div class=\"elementor-element elementor-element-1d85a9d6 elementor-widget__width-initial elementor-widget elementor-widget-heading\" data-id=\"1d85a9d6\" data-element_type=\"widget\" data-e-type=\"widget\" data-widget_type=\"heading.default\">\n\t\t\t\t\t<h2 class=\"elementor-heading-title elementor-size-default\">Jeesuksen seuraaminen on koko el\u00e4m\u00e4n tavoite. Se ei ole vain tapahtuma sunnuntaina, vaan \"tapa\" el\u00e4\u00e4 yhteis\u00f6ss\u00e4 Jeesuksen opetusten ymp\u00e4rill\u00e4. \"Jeesuksen tien harjoittaminen\" tarkoittaa Jeesuksen el\u00e4m\u00e4ntavan omaksumista, h\u00e4nen opetuksensa toteuttamista kaikilla el\u00e4m\u00e4si osa-alueilla. Kun el\u00e4mme t\u00e4ll\u00e4 tavalla, muutumme sis\u00e4lt\u00e4 ulosp\u00e4in. Uskomme, ett\u00e4 t\u00e4llainen syv\u00e4, aito, radikaali luonteenmuutos on mahdollista jopa modernin, digitaalisen, kaupunkimaailman kaaoksessa. Opetuksen, harjoituksen, yhteis\u00f6n ja Pyh\u00e4n Hengen avulla voimme palauttaa ihmisyytemme Jeesuksen opetuslapsuudessa.<\/h2>\t\t\t\t<\/div>\n\t\t\t\t\t<\/div>\n\t\t\t\t<\/div>\n\t\t<div class=\"elementor-element elementor-element-42571ea7 e-con-full e-flex e-con e-parent\" data-id=\"42571ea7\" data-element_type=\"container\" data-e-type=\"container\" data-settings=\"{&quot;background_background&quot;:&quot;classic&quot;}\">\n\t\t\t\t<div class=\"elementor-element elementor-element-18100f89 elementor-widget__width-initial elementor-widget elementor-widget-heading\" data-id=\"18100f89\" data-element_type=\"widget\" data-e-type=\"widget\" data-widget_type=\"heading.default\">\n\t\t\t\t\t<h2 class=\"elementor-heading-title elementor-size-default\">Jeesuksen opetuslapsiksi tuleminen on matka<\/h2>\t\t\t\t<\/div>\n\t\t<div class=\"elementor-element elementor-element-bf3765d e-con-full e-flex e-con e-child\" data-id=\"bf3765d\" data-element_type=\"container\" data-e-type=\"container\">\n\t\t\t\t<div class=\"elementor-element elementor-element-48faf2c elementor-widget__width-initial elementor-widget elementor-widget-button\" data-id=\"48faf2c\" data-element_type=\"widget\" data-e-type=\"widget\" data-widget_type=\"button.default\">\n\t\t\t\t\t\t\t\t\t\t<a class=\"elementor-button elementor-button-link elementor-size-sm\" href=\"https:\/\/iloakeskus.church\/fi\/discipleship\/\">\n\t\t\t\t\t\t<span class=\"elementor-button-content-wrapper\">\n\t\t\t\t\t\t\t\t\t<span class=\"elementor-button-text\">Opetuslapseuden polku<\/span>\n\t\t\t\t\t<\/span>\n\t\t\t\t\t<\/a>\n\t\t\t\t\t\t\t\t<\/div>\n\t\t\t\t<\/div>\n\t\t\t\t<\/div>\n\t\t<div class=\"elementor-element elementor-element-2cb1a2c8 e-flex e-con-boxed e-con e-parent\" data-id=\"2cb1a2c8\" data-element_type=\"container\" data-e-type=\"container\" data-settings=\"{&quot;background_background&quot;:&quot;classic&quot;}\">\n\t\t\t\t\t<div class=\"e-con-inner\">\n\t\t\t\t<div class=\"elementor-element elementor-element-1c39dbfa elementor-widget__width-initial elementor-widget elementor-widget-heading\" data-id=\"1c39dbfa\" data-element_type=\"widget\" data-e-type=\"widget\" data-widget_type=\"heading.default\">\n\t\t\t\t\t<h2 class=\"elementor-heading-title elementor-size-default\">Tee mit\u00e4 Jeesus teki<\/h2>\t\t\t\t<\/div>\n\t\t\t\t<div class=\"elementor-element elementor-element-1bcbcd0 elementor-widget__width-initial elementor-widget elementor-widget-heading\" data-id=\"1bcbcd0\" data-element_type=\"widget\" data-e-type=\"widget\" data-widget_type=\"heading.default\">\n\t\t\t\t\t<h2 class=\"elementor-heading-title elementor-size-default\">Jeesus pyrkii aktiivisesti v\u00e4rv\u00e4\u00e4m\u00e4\u00e4n ihmisi\u00e4 ty\u00f6h\u00f6ns\u00e4 ja teht\u00e4v\u00e4\u00e4ns\u00e4. Kun sinusta tulee Jeesuksen kaltainen, huomaat haluavasi tehd\u00e4 sen, mit\u00e4 H\u00e4n teki. Oletko valmis palvelemaan?<\/h2>\t\t\t\t<\/div>\n\t\t<div class=\"elementor-element elementor-element-55ed7b3 e-con-full e-flex e-con e-child\" data-id=\"55ed7b3\" data-element_type=\"container\" data-e-type=\"container\">\n\t\t\t\t<div class=\"elementor-element elementor-element-787c270 elementor-widget-tablet__width-initial elementor-widget elementor-widget-button\" data-id=\"787c270\" data-element_type=\"widget\" data-e-type=\"widget\" data-widget_type=\"button.default\">\n\t\t\t\t\t\t\t\t\t\t<a class=\"elementor-button elementor-button-link elementor-size-sm\" href=\"http:\/\/iloakeskus.church\/fi\/serve\/\">\n\t\t\t\t\t\t<span class=\"elementor-button-content-wrapper\">\n\t\t\t\t\t\t\t\t\t<span class=\"elementor-button-text\">Vastaa Jeesuksen kutsuun<\/span>\n\t\t\t\t\t<\/span>\n\t\t\t\t\t<\/a>\n\t\t\t\t\t\t\t\t<\/div>\n\t\t\t\t<\/div>\n\t\t\t\t\t<\/div>\n\t\t\t\t<\/div>\n\t\t<div class=\"elementor-element elementor-element-5f28a80b e-flex e-con-boxed e-con e-parent\" data-id=\"5f28a80b\" data-element_type=\"container\" data-e-type=\"container\" data-settings=\"{&quot;background_background&quot;:&quot;classic&quot;}\">\n\t\t\t\t\t<div class=\"e-con-inner\">\n\t\t\t\t<div class=\"elementor-element elementor-element-42cf9076 elementor-widget__width-initial elementor-widget elementor-widget-heading\" data-id=\"42cf9076\" data-element_type=\"widget\" data-e-type=\"widget\" data-widget_type=\"heading.default\">\n\t\t\t\t\t<h2 class=\"elementor-heading-title elementor-size-default\">Iloakeskus<\/h2>\t\t\t\t<\/div>\n\t\t\t\t<div class=\"elementor-element elementor-element-7e9fd85f elementor-widget__width-initial elementor-widget elementor-widget-heading\" data-id=\"7e9fd85f\" data-element_type=\"widget\" data-e-type=\"widget\" data-widget_type=\"heading.default\">\n\t\t\t\t\t<h2 class=\"elementor-heading-title elementor-size-default\">P\u00e4hkin\u00e4tie 6 F\n01710, Vantaa<\/h2>\t\t\t\t<\/div>\n\t\t\t\t<div class=\"elementor-element elementor-element-7ba25610 elementor-widget__width-initial elementor-widget elementor-widget-heading\" data-id=\"7ba25610\" data-element_type=\"widget\" data-e-type=\"widget\" data-widget_type=\"heading.default\">\n\t\t\t\t\t<h2 class=\"elementor-heading-title elementor-size-default\"><b>Palveluajat:<\/b>\nSunnuntai: klo 13.00<p>\n<\/h2>\t\t\t\t<\/div>\n\t\t\t\t<div class=\"elementor-element elementor-element-cbd70bc elementor-widget__width-initial elementor-widget elementor-widget-heading\" data-id=\"cbd70bc\" data-element_type=\"widget\" data-e-type=\"widget\" data-widget_type=\"heading.default\">\n\t\t\t\t\t<h2 class=\"elementor-heading-title elementor-size-default\">church@iloakeskus.com<\/h2>\t\t\t\t<\/div>\n\t\t<div class=\"elementor-element elementor-element-2945af23 e-con-full e-flex e-con e-child\" data-id=\"2945af23\" data-element_type=\"container\" data-e-type=\"container\">\n\t\t\t\t<div class=\"elementor-element elementor-element-7ed02175 elementor-grid-3 elementor-shape-rounded elementor-widget elementor-widget-social-icons\" data-id=\"7ed02175\" data-element_type=\"widget\" data-e-type=\"widget\" data-widget_type=\"social-icons.default\">\n\t\t\t\t\t\t\t<div class=\"elementor-social-icons-wrapper elementor-grid\" role=\"list\">\n\t\t\t\t\t\t\t<span class=\"elementor-grid-item\" role=\"listitem\">\n\t\t\t\t\t<a class=\"elementor-icon elementor-social-icon elementor-social-icon-instagram elementor-repeater-item-843e7aa\" href=\"https:\/\/www.instagram.com\/iloakeskus\/\" target=\"_blank\">\n\t\t\t\t\t\t<span class=\"elementor-screen-only\">Instagram<\/span>\n\t\t\t\t\t\t<svg aria-hidden=\"true\" class=\"e-font-icon-svg e-fab-instagram\" viewbox=\"0 0 448 512\" xmlns=\"http:\/\/www.w3.org\/2000\/svg\"><path d=\"M224.1 141c-63.6 0-114.9 51.3-114.9 114.9s51.3 114.9 114.9 114.9S339 319.5 339 255.9 287.7 141 224.1 141zm0 189.6c-41.1 0-74.7-33.5-74.7-74.7s33.5-74.7 74.7-74.7 74.7 33.5 74.7 74.7-33.6 74.7-74.7 74.7zm146.4-194.3c0 14.9-12 26.8-26.8 26.8-14.9 0-26.8-12-26.8-26.8s12-26.8 26.8-26.8 26.8 12 26.8 26.8zm76.1 27.2c-1.7-35.9-9.9-67.7-36.2-93.9-26.2-26.2-58-34.4-93.9-36.2-37-2.1-147.9-2.1-184.9 0-35.8 1.7-67.6 9.9-93.9 36.1s-34.4 58-36.2 93.9c-2.1 37-2.1 147.9 0 184.9 1.7 35.9 9.9 67.7 36.2 93.9s58 34.4 93.9 36.2c37 2.1 147.9 2.1 184.9 0 35.9-1.7 67.7-9.9 93.9-36.2 26.2-26.2 34.4-58 36.2-93.9 2.1-37 2.1-147.8 0-184.8zM398.8 388c-7.8 19.6-22.9 34.7-42.6 42.6-29.5 11.7-99.5 9-132.1 9s-102.7 2.6-132.1-9c-19.6-7.8-34.7-22.9-42.6-42.6-11.7-29.5-9-99.5-9-132.1s-2.6-102.7 9-132.1c7.8-19.6 22.9-34.7 42.6-42.6 29.5-11.7 99.5-9 132.1-9s102.7-2.6 132.1 9c19.6 7.8 34.7 22.9 42.6 42.6 11.7 29.5 9 99.5 9 132.1s2.7 102.7-9 132.1z\"><\/path><\/svg>\t\t\t\t\t<\/a>\n\t\t\t\t<\/span>\n\t\t\t\t\t\t\t<span class=\"elementor-grid-item\" role=\"listitem\">\n\t\t\t\t\t<a class=\"elementor-icon elementor-social-icon elementor-social-icon-facebook elementor-repeater-item-16ecbb7\" target=\"_blank\">\n\t\t\t\t\t\t<span class=\"elementor-screen-only\">Facebook<\/span>\n\t\t\t\t\t\t<svg aria-hidden=\"true\" class=\"e-font-icon-svg e-fab-facebook\" viewbox=\"0 0 512 512\" xmlns=\"http:\/\/www.w3.org\/2000\/svg\"><path d=\"M504 256C504 119 393 8 256 8S8 119 8 256c0 123.78 90.69 226.38 209.25 245V327.69h-63V256h63v-54.64c0-62.15 37-96.48 93.67-96.48 27.14 0 55.52 4.84 55.52 4.84v61h-31.28c-30.8 0-40.41 19.12-40.41 38.73V256h68.78l-11 71.69h-57.78V501C413.31 482.38 504 379.78 504 256z\"><\/path><\/svg>\t\t\t\t\t<\/a>\n\t\t\t\t<\/span>\n\t\t\t\t\t\t\t<span class=\"elementor-grid-item\" role=\"listitem\">\n\t\t\t\t\t<a class=\"elementor-icon elementor-social-icon elementor-social-icon-youtube elementor-repeater-item-ca12ef6\" target=\"_blank\">\n\t\t\t\t\t\t<span class=\"elementor-screen-only\">Youtube<\/span>\n\t\t\t\t\t\t<svg aria-hidden=\"true\" class=\"e-font-icon-svg e-fab-youtube\" viewbox=\"0 0 576 512\" xmlns=\"http:\/\/www.w3.org\/2000\/svg\"><path d=\"M549.655 124.083c-6.281-23.65-24.787-42.276-48.284-48.597C458.781 64 288 64 288 64S117.22 64 74.629 75.486c-23.497 6.322-42.003 24.947-48.284 48.597-11.412 42.867-11.412 132.305-11.412 132.305s0 89.438 11.412 132.305c6.281 23.65 24.787 41.5 48.284 47.821C117.22 448 288 448 288 448s170.78 0 213.371-11.486c23.497-6.321 42.003-24.171 48.284-47.821 11.412-42.867 11.412-132.305 11.412-132.305s0-89.438-11.412-132.305zm-317.51 213.508V175.185l142.739 81.205-142.739 81.201z\"><\/path><\/svg>\t\t\t\t\t<\/a>\n\t\t\t\t<\/span>\n\t\t\t\t\t<\/div>\n\t\t\t\t\t\t<\/div>\n\t\t\t\t<\/div>\n\t\t<div class=\"elementor-element elementor-element-7c22a501 e-con-full e-flex e-con e-child\" data-id=\"7c22a501\" data-element_type=\"container\" data-e-type=\"container\">\n\t\t\t\t<div class=\"elementor-element elementor-element-40425b02 elementor-cta--skin-classic elementor-animated-content elementor-bg-transform elementor-bg-transform-zoom-in elementor-widget elementor-widget-call-to-action\" data-id=\"40425b02\" data-element_type=\"widget\" data-e-type=\"widget\" data-widget_type=\"call-to-action.default\">\n\t\t\t\t\t\t\t<div class=\"elementor-cta\">\n\t\t\t\t\t\t\t<div class=\"elementor-cta__content\">\n\t\t\t\t\n\t\t\t\t\n\t\t\t\t\t\t\t\t\t<div class=\"elementor-cta__description elementor-cta__content-item elementor-content-item\">\n\t\t\t\t\t\tTilaa Iloakeskuksen Viikkolehti saadaksesi tietoa tulevista tapahtumista ja t\u00e4rkeist\u00e4 ilmoituksista.\t\t\t\t\t<\/div>\n\t\t\t\t\n\t\t\t\t\t\t\t\t\t<div class=\"elementor-cta__button-wrapper elementor-cta__content-item elementor-content-item\">\n\t\t\t\t\t<a class=\"elementor-cta__button elementor-button elementor-size-\">\n\t\t\t\t\t\tTilaa\t\t\t\t\t<\/a>\n\t\t\t\t\t<\/div>\n\t\t\t\t\t\t\t<\/div>\n\t\t\t\t\t\t<\/div>\n\t\t\t\t\t\t<\/div>\n\t\t\t\t<\/div>\n\t\t<div class=\"elementor-element elementor-element-16ffde0f e-con-full e-flex e-con e-child\" data-id=\"16ffde0f\" data-element_type=\"container\" data-e-type=\"container\">\n\t\t\t\t<div class=\"elementor-element elementor-element-3f4029b8 elementor-nav-menu--dropdown-none elementor-widget-mobile__width-initial elementor-widget elementor-widget-nav-menu\" data-id=\"3f4029b8\" data-element_type=\"widget\" data-e-type=\"widget\" data-settings=\"{&quot;layout&quot;:&quot;vertical&quot;,&quot;submenu_icon&quot;:{&quot;value&quot;:&quot;&lt;svg class=\\&quot;e-font-icon-svg e-fas-caret-down\\&quot; viewBox=\\&quot;0 0 320 512\\&quot; xmlns=\\&quot;http:\\\/\\\/www.w3.org\\\/2000\\\/svg\\&quot;&gt;&lt;path d=\\&quot;M31.3 192h257.3c17.8 0 26.7 21.5 14.1 34.1L174.1 354.8c-7.8 7.8-20.5 7.8-28.3 0L17.2 226.1C4.6 213.5 13.5 192 31.3 192z\\&quot;&gt;&lt;\\\/path&gt;&lt;\\\/svg&gt;&quot;,&quot;library&quot;:&quot;fa-solid&quot;}}\" data-widget_type=\"nav-menu.default\">\n\t\t\t\t\t\t\t\t<nav aria-label=\"Valikko\" class=\"elementor-nav-menu--main elementor-nav-menu__container elementor-nav-menu--layout-vertical e--pointer-underline e--animation-fade\">\n\t\t\t\t<ul id=\"menu-1-3f4029b8\" class=\"elementor-nav-menu sm-vertical\"><li class=\"menu-item menu-item-type-post_type menu-item-object-page menu-item-home menu-item-16\"><a href=\"https:\/\/iloakeskus.church\/fi\/\" class=\"elementor-item\">Koti<\/a><\/li>\n<li class=\"menu-item menu-item-type-post_type menu-item-object-page menu-item-198\"><a href=\"https:\/\/iloakeskus.church\/fi\/find-comfort\/\" class=\"elementor-item\">L\u00f6yt\u00e4\u00e4 Lohtua<\/a><\/li>\n<li class=\"menu-item menu-item-type-post_type menu-item-object-page menu-item-214\"><a href=\"https:\/\/iloakeskus.church\/fi\/follow\/\" class=\"elementor-item\">Harjoittele Jeesuksen tiet\u00e4<\/a><\/li>\n<li class=\"menu-item menu-item-type-post_type menu-item-object-page menu-item-671\"><a href=\"https:\/\/iloakeskus.church\/fi\/serve\/\" class=\"elementor-item\">Palvella<\/a><\/li>\n<li class=\"menu-item menu-item-type-post_type menu-item-object-post menu-item-2121\"><a href=\"https:\/\/iloakeskus.church\/fi\/news\/mission-beliefs\/\" class=\"elementor-item\">missio &amp; uskomukset<\/a><\/li>\n<li class=\"menu-item menu-item-type-post_type menu-item-object-page menu-item-396\"><a href=\"https:\/\/iloakeskus.church\/fi\/lp-profile\/\" class=\"elementor-item\">Kirjaudu sis\u00e4\u00e4n<\/a><\/li>\n<li class=\"trp-language-switcher-container menu-item menu-item-type-post_type menu-item-object-language_switcher menu-item-has-children current-language-menu-item menu-item-588\"><a href=\"https:\/\/iloakeskus.church\/fi\/wp-json\/wp\/v2\/pages\/202\" class=\"elementor-item elementor-item-anchor\"><span data-no-translation><img decoding=\"async\" class=\"trp-flag-image\" src=\"https:\/\/iloakeskus.church\/wp-content\/plugins\/translatepress-multilingual\/assets\/images\/flags\/fi.png\" width=\"18\" height=\"12\" alt=\"fi\" title=\"Finnish\"><\/span><\/a>\n<ul class=\"sub-menu elementor-nav-menu--dropdown\">\n\t<li class=\"trp-language-switcher-container menu-item menu-item-type-post_type menu-item-object-language_switcher current-language-menu-item menu-item-590\"><a href=\"https:\/\/iloakeskus.church\/fi\/wp-json\/wp\/v2\/pages\/202\" class=\"elementor-sub-item elementor-item-anchor\"><span data-no-translation><img decoding=\"async\" class=\"trp-flag-image\" src=\"https:\/\/iloakeskus.church\/wp-content\/plugins\/translatepress-multilingual\/assets\/images\/flags\/en_US.png\" width=\"18\" height=\"12\" alt=\"en_US\" title=\"English\"><\/span><\/a><\/li>\n<\/ul>\n<\/li>\n<\/ul>\t\t\t<\/nav>\n\t\t\t\t\t\t<nav class=\"elementor-nav-menu--dropdown elementor-nav-menu__container\" aria-hidden=\"true\">\n\t\t\t\t<ul id=\"menu-2-3f4029b8\" class=\"elementor-nav-menu sm-vertical\"><li class=\"menu-item menu-item-type-post_type menu-item-object-page menu-item-home menu-item-16\"><a href=\"https:\/\/iloakeskus.church\/fi\/\" class=\"elementor-item\" tabindex=\"-1\">Koti<\/a><\/li>\n<li class=\"menu-item menu-item-type-post_type menu-item-object-page menu-item-198\"><a href=\"https:\/\/iloakeskus.church\/fi\/find-comfort\/\" class=\"elementor-item\" tabindex=\"-1\">L\u00f6yt\u00e4\u00e4 Lohtua<\/a><\/li>\n<li class=\"menu-item menu-item-type-post_type menu-item-object-page menu-item-214\"><a href=\"https:\/\/iloakeskus.church\/fi\/follow\/\" class=\"elementor-item\" tabindex=\"-1\">Harjoittele Jeesuksen tiet\u00e4<\/a><\/li>\n<li class=\"menu-item menu-item-type-post_type menu-item-object-page menu-item-671\"><a href=\"https:\/\/iloakeskus.church\/fi\/serve\/\" class=\"elementor-item\" tabindex=\"-1\">Palvella<\/a><\/li>\n<li class=\"menu-item menu-item-type-post_type menu-item-object-post menu-item-2121\"><a href=\"https:\/\/iloakeskus.church\/fi\/news\/mission-beliefs\/\" class=\"elementor-item\" tabindex=\"-1\">missio &amp; uskomukset<\/a><\/li>\n<li class=\"menu-item menu-item-type-post_type menu-item-object-page menu-item-396\"><a href=\"https:\/\/iloakeskus.church\/fi\/lp-profile\/\" class=\"elementor-item\" tabindex=\"-1\">Kirjaudu sis\u00e4\u00e4n<\/a><\/li>\n<li class=\"trp-language-switcher-container menu-item menu-item-type-post_type menu-item-object-language_switcher menu-item-has-children current-language-menu-item menu-item-588\"><a href=\"https:\/\/iloakeskus.church\/fi\/wp-json\/wp\/v2\/pages\/202\" class=\"elementor-item elementor-item-anchor\" tabindex=\"-1\"><span data-no-translation><img decoding=\"async\" class=\"trp-flag-image\" src=\"https:\/\/iloakeskus.church\/wp-content\/plugins\/translatepress-multilingual\/assets\/images\/flags\/fi.png\" width=\"18\" height=\"12\" alt=\"fi\" title=\"Finnish\"><\/span><\/a>\n<ul class=\"sub-menu elementor-nav-menu--dropdown\">\n\t<li class=\"trp-language-switcher-container menu-item menu-item-type-post_type menu-item-object-language_switcher current-language-menu-item menu-item-590\"><a href=\"https:\/\/iloakeskus.church\/fi\/wp-json\/wp\/v2\/pages\/202\" class=\"elementor-sub-item elementor-item-anchor\" tabindex=\"-1\"><span data-no-translation><img decoding=\"async\" class=\"trp-flag-image\" src=\"https:\/\/iloakeskus.church\/wp-content\/plugins\/translatepress-multilingual\/assets\/images\/flags\/en_US.png\" width=\"18\" height=\"12\" alt=\"en_US\" title=\"English\"><\/span><\/a><\/li>\n<\/ul>\n<\/li>\n<\/ul>\t\t\t<\/nav>\n\t\t\t\t\t\t<\/div>\n\t\t\t\t<\/div>\n\t\t\t\t\t<\/div>\n\t\t\t\t<\/div>\n\t\t\t\t<\/div>","protected":false},"excerpt":{"rendered":"<p>What does it mean to follow Jesus? We hear the language \u201cfollower of Jesus\u201d all the time, but what does [&hellip;]<\/p>\n","protected":false},"author":1,"featured_media":0,"parent":0,"menu_order":0,"comment_status":"closed","ping_status":"closed","template":"","meta":{"footnotes":""},"class_list":["post-202","page","type-page","status-publish","hentry"],"_links":{"self":[{"href":"https:\/\/iloakeskus.church\/fi\/wp-json\/wp\/v2\/pages\/202","targetHints":{"allow":["GET"]}}],"collection":[{"href":"https:\/\/iloakeskus.church\/fi\/wp-json\/wp\/v2\/pages"}],"about":[{"href":"https:\/\/iloakeskus.church\/fi\/wp-json\/wp\/v2\/types\/page"}],"author":[{"embeddable":true,"href":"https:\/\/iloakeskus.church\/fi\/wp-json\/wp\/v2\/users\/1"}],"replies":[{"embeddable":true,"href":"https:\/\/iloakeskus.church\/fi\/wp-json\/wp\/v2\/comments?post=202"}],"version-history":[{"count":32,"href":"https:\/\/iloakeskus.church\/fi\/wp-json\/wp\/v2\/pages\/202\/revisions"}],"predecessor-version":[{"id":2099,"href":"https:\/\/iloakeskus.church\/fi\/wp-json\/wp\/v2\/pages\/202\/revisions\/2099"}],"wp:attachment":[{"href":"https:\/\/iloakeskus.church\/fi\/wp-json\/wp\/v2\/media?parent=202"}],"curies":[{"name":"wp","href":"https:\/\/api.w.org\/{rel}","templated":true}]}}