{"id":1497,"date":"2024-03-18T00:20:42","date_gmt":"2024-03-17T22:20:42","guid":{"rendered":"https:\/\/iloakeskus.church\/?page_id=1497"},"modified":"2024-03-18T00:23:47","modified_gmt":"2024-03-17T22:23:47","slug":"welcome","status":"publish","type":"page","link":"https:\/\/iloakeskus.church\/fi\/welcome\/","title":{"rendered":"TERVETULOA JUMALAN PERHEESEEN"},"content":{"rendered":"<h2 class=\"wp-block-heading\">TERVETULOA JUMALAN PERHEESEEN<\/h2>\n\n\n\n<p>Olemme todella innoissamme, ett\u00e4 olet p\u00e4\u00e4tt\u00e4nyt seurata Jeesusta. Pyyd\u00e4mme sinua t\u00e4ytt\u00e4m\u00e4\u00e4n alla olevan lomakkeen, jotta voimme tutustua sinuun. Haluaisimme ottaa sinuun yhteytt\u00e4 ja tukea sinua t\u00e4ll\u00e4 matkalla. Tervetuloa Jumalan perheeseen. Lomakkeen l\u00e4hett\u00e4misen j\u00e4lkeen sinut ohjataan sivulle, josta saat lis\u00e4tietoja siit\u00e4, mit\u00e4 Jeesuksen seuraaminen tarkoittaa.<\/p>\n\n\n\n<figure class=\"wp-block-embed is-type-rich is-provider-jotform wp-block-embed-jotform\"><div class=\"wp-block-embed__wrapper\">\n<iframe style=\"width: 100%; max-width: 800px;\" height=\"539\" src=\"https:\/\/oembed.jotform.com\/240766555011352\" sandbox=\"allow-forms allow-scripts allow-same-origin allow-top-navigation allow-popups allow-popups-to-escape-sandbox\"><\/iframe>\n<\/div><\/figure>\n\n\n\n<h2 class=\"wp-block-heading\"><\/h2>","protected":false},"excerpt":{"rendered":"<p>WELCOME TO THE FAMILY OF GOD We are so excited that you have decided to follow Jesus. We ask that [&hellip;]<\/p>\n","protected":false},"author":1,"featured_media":0,"parent":0,"menu_order":0,"comment_status":"closed","ping_status":"closed","template":"","meta":{"footnotes":""},"class_list":["post-1497","page","type-page","status-publish","hentry"],"_links":{"self":[{"href":"https:\/\/iloakeskus.church\/fi\/wp-json\/wp\/v2\/pages\/1497","targetHints":{"allow":["GET"]}}],"collection":[{"href":"https:\/\/iloakeskus.church\/fi\/wp-json\/wp\/v2\/pages"}],"about":[{"href":"https:\/\/iloakeskus.church\/fi\/wp-json\/wp\/v2\/types\/page"}],"author":[{"embeddable":true,"href":"https:\/\/iloakeskus.church\/fi\/wp-json\/wp\/v2\/users\/1"}],"replies":[{"embeddable":true,"href":"https:\/\/iloakeskus.church\/fi\/wp-json\/wp\/v2\/comments?post=1497"}],"version-history":[{"count":3,"href":"https:\/\/iloakeskus.church\/fi\/wp-json\/wp\/v2\/pages\/1497\/revisions"}],"predecessor-version":[{"id":1503,"href":"https:\/\/iloakeskus.church\/fi\/wp-json\/wp\/v2\/pages\/1497\/revisions\/1503"}],"wp:attachment":[{"href":"https:\/\/iloakeskus.church\/fi\/wp-json\/wp\/v2\/media?parent=1497"}],"curies":[{"name":"wp","href":"https:\/\/api.w.org\/{rel}","templated":true}]}}